{"id":618,"date":"2026-04-19T16:45:34","date_gmt":"2026-04-19T14:45:34","guid":{"rendered":"https:\/\/rodbukowina.pl\/?page_id=618"},"modified":"2026-04-19T16:52:23","modified_gmt":"2026-04-19T14:52:23","slug":"walne-zebranie-rok-2025","status":"publish","type":"page","link":"https:\/\/rodbukowina.pl\/index.php\/walne-zebrania\/walne-zebranie-rok-2025\/","title":{"rendered":"Walne Zebranie rok 2025"},"content":{"rendered":"<p><strong>Sprawozdanie z Nadzwyczajnego Walnego Zebrania z dnia 23.08.2025 <\/strong><strong>BUKOWINA w Gromadzinie<\/strong><\/p>\n<p>&nbsp;<\/p>\n<p>Szanowni Pa\u0144stwo,<\/p>\n<p>bardzo dzi\u0119kujemy wszystkim u\u017cytkownikom dzia\u0142ek bior\u0105cym udzia\u0142 w zebraniu, na kt\u00f3rym obecno\u015b\u0107 potwierdzi\u0142o 76 os\u00f3b.<\/p>\n<p>W imieniu Zarz\u0105du i Komisji Rewizyjnej dzi\u0119kujemy Pa\u0144stwu za zainteresowanie sprawami ogrodu, dzi\u0119ki czemu mogli\u015bmy wsp\u00f3lnie podj\u0105\u0107 decyzj\u0119 w kwestii rozwi\u0105zania problemu wody.<\/p>\n<p>W dniu 7 sierpnia br. u\u017cytkownicy dzia\u0142ek zostali zawiadomieni mailowo o niezdatno\u015bci wody do spo\u017cycia, podj\u0119tej na podstawie wynik\u00f3w testu pr\u00f3bki wody pobranej z naszego uj\u0119cia w dniu 21 lipca br., kt\u00f3ry wykaza\u0142 obecno\u015b\u0107 bakterii enterokoki |bakterie ka\u0142owe|.<\/p>\n<p>Na dzisiejszym zebraniu om\u00f3wiona zosta\u0142a sytuacja oraz przedstawione zosta\u0142y mo\u017cliwe rozwi\u0105zania, kt\u00f3rymi s\u0105,<\/p>\n<ol>\n<li>Zastosowanie indywidualnych rozwi\u0105za\u0144 uzdatniania wody przez filtry i bakteriob\u00f3jcze lamy UV<\/li>\n<li>Wykonanie stacji uzdatniania wody zlokalizowanej przy studni \u2013 przedstawiono propozycj\u0119 firmy z Elbl\u0105ga, kt\u00f3ra odj\u0119\u0142aby si\u0119 wykonania stacji za kwot\u0119 60 tysi\u0119cy z\u0142otych w ci\u0105gu 3 tygodni od dnia podpisania zlecenia<\/li>\n<li>Podj\u0119cie rozm\u00f3w z Urz\u0119dem Gminy w sprawie pod\u0142\u0105czenia naszych dzia\u0142ek do gminnej sieci wodoci\u0105gowej \u2013 koszty i czas realizacji b\u0119d\u0105 znane dopiero po uzyskaniu niezb\u0119dnych zg\u00f3d i wykonaniu projekt\u00f3w przy\u0142\u0105cza<\/li>\n<\/ol>\n<p><strong>Zebrani dzia\u0142kowicze zdecydowali, aby zastosowa\u0107 rozwi\u0105zanie najbardziej efektywne na przysz\u0142o\u015b\u0107. Odby\u0142o si\u0119 g\u0142osowanie za udzieleniem Zarz\u0105dowi promesy na podj\u0119cie dzia\u0142a\u0144 zwi\u0105zanych z realizacj\u0105 pod\u0142\u0105czenia ROD Gromadzin do gminnej sieci wodoci\u0105gowej.<\/strong><\/p>\n<p><strong>Oddano 76 g\u0142os\u00f3w w tym 75 \u201cza\u201c, 1 \u201cprzeciw\u201c, 0 os\u00f3b wstrzyma\u0142o si\u0119 od g\u0142osowania.<\/strong><\/p>\n<p>Jeszcze raz dzi\u0119kujemy wszystkim zebranym dzia\u0142kowiczom za o\u017cywion\u0105 dyskusj\u0119, udzia\u0142 w g\u0142osowaniu i du\u017ce zaanga\u017cowanie w prawy naszego ogrodu.<\/p>\n<p>Zarz\u0105d ROD BUKOWINA<\/p>\n<hr \/>\n<p><strong>Sprawozdanie z Walnego Zebrania z dnia 24.05.2025\u00a0 <\/strong><strong>BUKOWINA w Gromadzinie<\/strong><\/p>\n<p>&nbsp;<\/p>\n<p>Szanowni Pa\u0144stwo,<\/p>\n<p>Bardzo dzi\u0119kujemy wszystkim u\u017cytkownikom dzia\u0142ek, kt\u00f3rzy wzi\u0119li udzia\u0142 w zebraniu. Frekwencja by\u0142a wyj\u0105tkowo wysoka, obecnych by\u0142o 91 os\u00f3b.\u00a0W imieniu Zarz\u0105du i Komisji Rewizyjnej dzi\u0119kujemy Pa\u0144stwu za zainteresowanie sprawami\u00a0 ogrodu.\u00a0Jednak\u017ce bardzo ubolewamy nad faktem, i\u017c wielu dzia\u0142kowicz\u00f3w w czasie trwania zebrania przebywa\u0142o na swojej dzia\u0142ce i nie wyrazi\u0142o minimum zainteresowania sprawami ogrodu.\u00a0A rozmawiali\u015bmy o problemach obecnych, o wykonanych pracach jak r\u00f3wnie\u017c co planujemy na najbli\u017cszy rok.<\/p>\n<p>Walne Zebranie jest\u00a0 najwa\u017cniejszym Organem Zarz\u0105dzaj\u0105cym Ogrodem, na Zebraniu Walnym zapadaj\u0105 wa\u017cne decyzje, do kt\u00f3rych realizacji zobowi\u0105zany jest Zarz\u0105d. Podejmowane s\u0105 uchwa\u0142y ustalaj\u0105ce op\u0142aty na dany rok i uchwa\u0142y dotycz\u0105ce remont\u00f3w i inwestycji jakie powinni\u015bmy\u00a0 zrealizowa\u0107 w ogrodzie.<\/p>\n<p>Zebranie Walne podj\u0119\u0142o nast\u0119puj\u0105ce uchwa\u0142y:<\/p>\n<ol>\n<li>Zatwierdzono sprawozdanie z dzia\u0142alno\u015bci Zarz\u0105du ROD za 2024 r.<\/li>\n<li>Zatwierdzono sprawozdanie finansowe ROD za 2024 r.<\/li>\n<li>Zatwierdzono sprawozdanie z dzia\u0142alno\u015bci Komisji Rewizyjnej w 2024 r<\/li>\n<li>W sprawie kwoty przeznaczonej na \u015bwiadczenia wyp\u0142acane z tytu\u0142u prac spo\u0142ecznych w ROD.<\/li>\n<li>W sprawie op\u0142aty ogrodowej i terminu jej wnoszenia w roku 2025.- op\u0142ata zosta\u0142a uchwalona w wys. 1,60 od metra2\u00a0 dzia\u0142ki.<\/li>\n<li>W sprawie op\u0142aty energetycznej w roku 2025 zosta\u0142a uchwalona kwota w wys. 12 z\u0142 od dzia\u0142ki.<\/li>\n<li>W sprawie op\u0142aty wodnej w roku 2025 zosta\u0142a uchwalona kwota w wys. 5 z\u0142 od dzia\u0142ki.<\/li>\n<li>W sprawie op\u0142aty wnoszonej za wyw\u00f3z odpad\u00f3w z terenu ROD w roku 2025 zosta\u0142a uchwalona kwota w wys. 220 z\u0142 od dzia\u0142ki.<\/li>\n<li>W sprawie op\u0142aty\u00a0 wody zu\u017cytej zosta\u0142a uchwalona kwota 3 z\u0142 za 1 m3\u00a0 wody zu\u017cytej wed\u0142ug odczytu z wodomierza.<\/li>\n<li>W sprawie planu pracy na rok 2025.<\/li>\n<li>W sprawie przekazywania zu\u017cycia wody wed\u0142ug wskaza\u0144 wodomierza pierwszy odczyt wody podaje si\u0119 do ko\u0144ca lipca. Drugi odczyt na zako\u0144czenie sezonu do ko\u0144ca listopada 2025 r.<\/li>\n<li>W sprawie realizacji zadania inwestycyjnego ka\u017cdy u\u017cytkownik dzia\u0142ki wnosi partycypacje w realizacji inwestycji w roku 2025 tj. skrzynki energetyczne w wys. 220 z\u0142.<\/li>\n<li>W sprawie przestrzegania termin\u00f3w wnoszenia op\u0142at ustalona zosta\u0142a kwota kary w wysoko\u015bci 400 z\u0142 za odci\u0119cie pr\u0105du oraz 400 z\u0142 za ponowne pod\u0142\u0105czenie pr\u0105du. Kara ta b\u0119dzie nak\u0142adana na tych u\u017cytkownik\u00f3w dzia\u0142ek kt\u00f3rzy nie b\u0119d\u0105 podawali stanu zu\u017cycia wody i nie b\u0119d\u0105 op\u0142aca\u0107 faktur za pr\u0105d i op\u0142at dzia\u0142kowych. Kara b\u0119dzie nak\u0142adana po 30 dniach od dnia terminu op\u0142aty.<\/li>\n<li>W sprawie mo\u017cliwo\u015bci odpracowania zaleg\u0142o\u015bci w odp\u0142atach. Za godzin\u0119 pracy mo\u017cliwo\u015b\u0107 rozliczenia 35 z\u0142 za godzin\u0119 pracy.<\/li>\n<li>W sprawie wniosku o zatwierdzenie\/zmian\u0119 planu zagospodarowania ROD o wykre\u015blenie z ewidencji dzia\u0142ki nr 46 \u201eA\u201d . Teren dzia\u0142ki zostanie przeznaczony na parking i w przysz\u0142o\u015bci ustawienia paneli fotowoltaicznych.<\/li>\n<li>W sprawie preliminarzy finansowych ROD za 2025 rok.<\/li>\n<li>W sprawie z\u0142o\u017cenia wniosku o przekazanie dla dzia\u0142kowicz\u00f3w bilansu rachunku zysk\u00f3w i strat za rok 2024 przez Krajow\u0105 Rad\u0119 PZD zatwierdzonego 19.03.2025 r.<\/li>\n<\/ol>\n<p>Wszystkie uchwa\u0142y zosta\u0142y przeg\u0142osowane przez dzia\u0142kowicz\u00f3w bior\u0105cych udzia\u0142 w Zebraniu Walnym jednog\u0142o\u015bnie tj. 91 os\u00f3b.<\/p>\n<p>Stawka op\u0142aty ogrodowej zosta\u0142a podniesiona w stosunku do roku 2024 do kwoty 1,60 \u00a0 za m2 u\u017cytkowanej dzia\u0142ki.\u00a0Zwi\u0105zane jest to z zako\u0144czeniem modernizacji skrzynek energetycznych w podj\u0119tym terminie w latach 2024 \/ 2026, cz\u0119\u015b\u0107 tej kwoty 60 groszy b\u0119dzie tworzy\u0142o fundusz inwestycyjny, zgodnie z polityk\u0105 finansow\u0105 Krajowej Rady PZD.<\/p>\n<p>Zarzucono nam\u00a0 podczas rocznego rozliczenia, \u017ce\u00a0 finansujemy wszystkie przedsi\u0119wzi\u0119cia\u00a0 z jednego konta. Aby zako\u0144czy\u0107 rozpocz\u0119t\u0105\u00a0 modernizacj\u0119 skrzynek energetycznych jeste\u015bmy zmuszeni na ten okres\u00a0 za\u0142o\u017cy\u0107 oddzielne\u00a0 konto inwestycyjne na kt\u00f3re b\u0119d\u0105\u00a0 wp\u0142acane wszystkie wp\u0142aty\u00a0 z partycypacji dzia\u0142kowicz\u00f3w w kosztach inwestycji w wys. 220 z\u0142 oraz te wynik\u0142e\u00a0 z nalicze\u0144\u00a00,60 gr\/m2.<\/p>\n<p>R\u00f3wnie\u017c nale\u017cy wspomnie\u0107, \u017ce zgodnie z uchwa\u0142\u0105 Walnego Zebrania\u00a0 z 2024 roku z\u0142o\u017cyli\u015bmy dokumenty do Krajowej Rady PZD przez Okr\u0119g Pomorski PZD o dotacje w wysoko\u015bci 60 tys. z\u0142.\u00a0I tu te\u017c zosta\u0142a ona odrzucona ze wzgl\u0119du na nieprowadzenie konta \u201einwestycje\u201d.\u00a0Dlatego na czas prowadzenia inwestycji\/modernizacji skrzynek energetycznych zostanie za\u0142o\u017cone oddzielne konto \u201eINWESTYCJE\u201d.<\/p>\n<p>Maj\u0105c przedmiotowe konto b\u0119dziemy w tym roku ponownie\u00a0 sk\u0142ada\u0107 dokumenty o dotacje maj\u0105c nadziej\u0119, \u017ce\u00a0 otrzymamy wsparcie finansowe. Przez ca\u0142y czas istnienia ogrodu nie otrzymali\u015bmy dotacji na \u017cadn\u0105 inwestycje.<\/p>\n<p>Wszystko co robimy to robimy z zebranych \u015brodk\u00f3w finansowych\u00a0 od dzia\u0142kowc\u00f3w i nale\u017cy w tym miejscu wspomnie\u0107, \u017ce\u00a0 wszystko zgodnie z przepisami jest w\u0142asno\u015bci\u0105 PZD.<\/p>\n<p>Zarz\u0105d z tyt. kar zaproponowa\u0142 na Zebraniu Walnym ustalenie kwoty 150 z\u0142. Po wys\u0142uchaniu przedstawionych finans\u00f3w za 2024 r. i podaniu wysoko\u015bci zaleg\u0142o\u015bci dzia\u0142kowicz\u00f3w (razem 23 tys z\u0142)\u00a0 wysoko\u015b\u0107 kary na wniosek bior\u0105cych udzia\u0142 w zebraniu,\u00a0 zosta\u0142a podniesiona do 400 z\u0142.\u00a0 Dotyczy dzia\u0142kowicz\u00f3w, kt\u00f3rzy zalegaj\u0105 z op\u0142atami za rok 2024 oraz wcze\u015bniejszych. <strong>Termin uregulowania zaleg\u0142o\u015bci 30.06.2025.<\/strong><\/p>\n<p>Zgodnie ze statutem ka\u017cdy dzia\u0142kowicz powinien w ci\u0105gu\u00a0 3 miesi\u0119cy uregulowa\u0107 zad\u0142u\u017cenie dotycz\u0105ce op\u0142at bie\u017c\u0105cego roku. Po okresie 6 m-cy zalegania z op\u0142atami rusza proces pozbawienia cz\u0142onkostwa w PZD.<\/p>\n<p>Jak Pa\u0144stwo zapewne zauwa\u017cyli jak istotne jest\u00a0 branie czynnego udzia\u0142u w Zebraniach Walnych bo to podczas tych spotka\u0144 w formie uchwa\u0142 podejmowane s\u0105 bardzo wa\u017cne dla nas decyzje.<\/p>\n<p>Natomiast sk\u0142ad Zarz\u0105du ,kt\u00f3ry zosta\u0142 powo\u0142any realizuje te uchwa\u0142y i rozlicza si\u0119 przed Pa\u0144stwem ka\u017cdego roku na Zebraniu Walnym,\u00a0 zgodnie z Regulaminem i nowo zatwierdzonym Statutem.<\/p>\n<p>Zarz\u0105d ROD BUKOWINA<\/p>\n<p>&nbsp;<\/p>\n","protected":false},"excerpt":{"rendered":"<p>Sprawozdanie z Nadzwyczajnego Walnego Zebrania z dnia 23.08.2025 BUKOWINA w Gromadzinie &nbsp; Szanowni Pa\u0144stwo, bardzo dzi\u0119kujemy wszystkim u\u017cytkownikom dzia\u0142ek bior\u0105cym udzia\u0142 w zebraniu, na kt\u00f3rym obecno\u015b\u0107 potwierdzi\u0142o 76 os\u00f3b. W imieniu Zarz\u0105du i Komisji Rewizyjnej dzi\u0119kujemy Pa\u0144stwu za zainteresowanie sprawami ogrodu, dzi\u0119ki czemu mogli\u015bmy wsp\u00f3lnie podj\u0105\u0107 decyzj\u0119 w kwestii rozwi\u0105zania problemu wody. W dniu 7 [&hellip;]<\/p>\n","protected":false},"author":1,"featured_media":0,"parent":31,"menu_order":0,"comment_status":"closed","ping_status":"closed","template":"","meta":{"footnotes":""},"class_list":["post-618","page","type-page","status-publish","hentry"],"_links":{"self":[{"href":"https:\/\/rodbukowina.pl\/index.php\/wp-json\/wp\/v2\/pages\/618","targetHints":{"allow":["GET"]}}],"collection":[{"href":"https:\/\/rodbukowina.pl\/index.php\/wp-json\/wp\/v2\/pages"}],"about":[{"href":"https:\/\/rodbukowina.pl\/index.php\/wp-json\/wp\/v2\/types\/page"}],"author":[{"embeddable":true,"href":"https:\/\/rodbukowina.pl\/index.php\/wp-json\/wp\/v2\/users\/1"}],"replies":[{"embeddable":true,"href":"https:\/\/rodbukowina.pl\/index.php\/wp-json\/wp\/v2\/comments?post=618"}],"version-history":[{"count":1,"href":"https:\/\/rodbukowina.pl\/index.php\/wp-json\/wp\/v2\/pages\/618\/revisions"}],"predecessor-version":[{"id":619,"href":"https:\/\/rodbukowina.pl\/index.php\/wp-json\/wp\/v2\/pages\/618\/revisions\/619"}],"up":[{"embeddable":true,"href":"https:\/\/rodbukowina.pl\/index.php\/wp-json\/wp\/v2\/pages\/31"}],"wp:attachment":[{"href":"https:\/\/rodbukowina.pl\/index.php\/wp-json\/wp\/v2\/media?parent=618"}],"curies":[{"name":"wp","href":"https:\/\/api.w.org\/{rel}","templated":true}]}}