{"id":521,"date":"2025-06-01T14:24:57","date_gmt":"2025-06-01T12:24:57","guid":{"rendered":"https:\/\/rodbukowina.pl\/?page_id=521"},"modified":"2026-04-19T16:52:29","modified_gmt":"2026-04-19T14:52:29","slug":"walne-zebranie-rok-2024","status":"publish","type":"page","link":"https:\/\/rodbukowina.pl\/index.php\/walne-zebrania\/walne-zebranie-rok-2024\/","title":{"rendered":"Walne Zebranie rok 2024"},"content":{"rendered":"<div class=\"entry-content\">\n<div>Zebranie odb\u0119dzie si\u0119 <strong>20.04.2024<\/strong>\u00a0w <strong>O\u015brodku Wypoczynkowym Omega w Przywidzu<\/strong>.<\/div>\n<div>I-\u00a0 termin godz. 10.30<\/div>\n<div>II- termin godz. 11.00<\/div>\n<div><\/div>\n<div>Porz\u0105dek obrad:<\/div>\n<div><\/div>\n<div>\n<div dir=\"ltr\">\n<div class=\"gmail_quote\">\n<div>1. Otwarcie zebrania<\/div>\n<div>2. Wyb\u00f3r Przewodnicz\u0105cego i Prezydium zebrania. Wyznaczenie protokolanta.<\/div>\n<div>3. Zatwierdzenie regulaminu zebrania.<\/div>\n<div>4 . Zatwierdzenie porz\u0105dku obrad.<\/div>\n<div>\u00a05. Wyb\u00f3r Komisji Mandatowej, Komisji Uchwa\u0142 i Wniosk\u00f3w oraz Komisji Wyborczej.<\/div>\n<div>\u00a06. Sprawozdanie Zarz\u0105du ROD\u00a0 z dzia\u0142alno\u015bci za 2023 r. (merytoryczne i finansowe) oraz z okresu kadencji.<\/div>\n<div>\u00a07.\u00a0 Sprawozdanie Komisji Rewizyjnej ROD za 2023 r. i z okresu kadencji.<\/div>\n<div>\u00a08.\u00a0 Ocena dzia\u0142alno\u015bci Zarz\u0105du ROD za 2023 r. i z okresu kadencji przez Komisje Rewizyjn\u0105 ROD wraz z\u00a0 \u00a0 \u00a0 \u00a0 \u00a0 wnioskami.<\/div>\n<div>\u00a09. Sprawozdanie Komisji Mandatowej.<\/div>\n<div>10. Projekt programu dzia\u0142ania na now\u0105 kadencj\u0119 2024 \u2013 2028 i projekt planu pracy na 2024 r.<\/div>\n<div>11. Projekt op\u0142at ogrodowych na 2024 r.<\/div>\n<div>12. Projekt preliminarza finansowego ROD na 2024 r. i ocena przez Komisje Rewizyjn\u0105 ROD.<\/div>\n<div>\u00a013. Dyskusja.<\/div>\n<div>\u00a014. Sprawozdanie komisji Uchwa\u0142 i Wniosk\u00f3w, g\u0142osowanie nad uchwa\u0142ami w sprawach;<\/div>\n<div>\u00a0 \u00a0 \u00a0 a)\u00a0 Zatwierdzenie sprawozdania z dzia\u0142alno\u015bci Zarz\u0105du ROD za 2023 r. i pracy spo\u0142ecznej w okresie\u00a0 \u00a0 \u00a0 \u00a0 \u00a0 kadencji.<\/div>\n<div>\u00a0 \u00a0 \u00a0 b)\u00a0 Zatwierdzenie sprawozdania finansowego z a 2023 r.<\/div>\n<div>\u00a0 \u00a0 \u00a0 c)\u00a0 Udzielenie absolutorium ust\u0119puj\u0105cemu Zarz\u0105dowi ROD.<\/div>\n<div>\u00a0 \u00a0 \u00a0 d) Zatwierdzenie sprawozdania z dzia\u0142alno\u015bci Komisji Rewizyjnej ROD za 2023 r. w okresie kadencji.<\/div>\n<div>\u00a0 \u00a0 \u00a0 e) Uchwalenie programu dzia\u0142ania na now\u0105 kadencj\u0119 i plan pracy na 2024 r.<\/div>\n<div>\u00a0 \u00a0 \u00a0 \u00a0f) Uchwalenie kwoty przeznaczonej\u00a0 na \u015bwiadczenia pieni\u0119\u017cne i nagrody wyp\u0142acone z tytu\u0142u pracy spo\u0142ecznej.<\/div>\n<div>\u00a0 \u00a0 \u00a0 g) Ustalenie op\u0142at ogrodowych i termin ich wnoszenia w 2024 r.<\/div>\n<div>\u00a0 15. Uchwalenie realizacji zadania inwestycyjnego ( remontowego), w tym partycypacji finansowej dzia\u0142kowc\u00f3w.<\/div>\n<div>\u00a0 16. Ustalenie sk\u0142ad\u00f3w liczbowych zarz\u0105du ROD i Komisji Rewizyjnej ROD.<\/div>\n<div>\u00a0 17. Sprawozdanie Komisji Wyborczej, przedstawienie kandydat\u00f3w do organ\u00f3w ROD i na delegat\u00f3w na\u00a0 \u00a0 \u00a0 Okr\u0119gowy Zjazd Delegat\u00f3w PZD.<\/div>\n<div>\u00a0 18. Wyb\u00f3r cz\u0142onk\u00f3w Zarz\u0105du ROD, Komisji Rewizyjnej i delegat\u00f3w na Okr\u0119gowy Zjazd Delegat\u00f3w.<\/div>\n<div>\u00a0 \u00a0 \u00a0 \u00a0 Og\u0142oszenie wynik\u00f3w wybor\u00f3w.<\/div>\n<div>\u00a0 19. Przerwa w obradach. Pierwsze posiedzenie organ\u00f3w ROD.<\/div>\n<div>\u00a0 20. Sprawy r\u00f3\u017cne.<\/div>\n<div>\u00a0 21. Zako\u0144czenie obrad.<\/div>\n<div><\/div>\n<div><\/div>\n<div>Prosimy o zabranie ze sob\u0105 d\u0142ugopisu i pustej kartki.<\/div>\n<div><\/div>\n<\/div>\n<\/div>\n<\/div>\n<\/div>\n","protected":false},"excerpt":{"rendered":"<p>Zebranie odb\u0119dzie si\u0119 20.04.2024\u00a0w O\u015brodku Wypoczynkowym Omega w Przywidzu. I-\u00a0 termin godz. 10.30 II- termin godz. 11.00 Porz\u0105dek obrad: 1. Otwarcie zebrania 2. Wyb\u00f3r Przewodnicz\u0105cego i Prezydium zebrania. Wyznaczenie protokolanta. 3. Zatwierdzenie regulaminu zebrania. 4 . Zatwierdzenie porz\u0105dku obrad. \u00a05. Wyb\u00f3r Komisji Mandatowej, Komisji Uchwa\u0142 i Wniosk\u00f3w oraz Komisji Wyborczej. \u00a06. Sprawozdanie Zarz\u0105du ROD\u00a0 z [&hellip;]<\/p>\n","protected":false},"author":1,"featured_media":0,"parent":31,"menu_order":0,"comment_status":"closed","ping_status":"closed","template":"","meta":{"footnotes":""},"class_list":["post-521","page","type-page","status-publish","hentry"],"_links":{"self":[{"href":"https:\/\/rodbukowina.pl\/index.php\/wp-json\/wp\/v2\/pages\/521","targetHints":{"allow":["GET"]}}],"collection":[{"href":"https:\/\/rodbukowina.pl\/index.php\/wp-json\/wp\/v2\/pages"}],"about":[{"href":"https:\/\/rodbukowina.pl\/index.php\/wp-json\/wp\/v2\/types\/page"}],"author":[{"embeddable":true,"href":"https:\/\/rodbukowina.pl\/index.php\/wp-json\/wp\/v2\/users\/1"}],"replies":[{"embeddable":true,"href":"https:\/\/rodbukowina.pl\/index.php\/wp-json\/wp\/v2\/comments?post=521"}],"version-history":[{"count":3,"href":"https:\/\/rodbukowina.pl\/index.php\/wp-json\/wp\/v2\/pages\/521\/revisions"}],"predecessor-version":[{"id":620,"href":"https:\/\/rodbukowina.pl\/index.php\/wp-json\/wp\/v2\/pages\/521\/revisions\/620"}],"up":[{"embeddable":true,"href":"https:\/\/rodbukowina.pl\/index.php\/wp-json\/wp\/v2\/pages\/31"}],"wp:attachment":[{"href":"https:\/\/rodbukowina.pl\/index.php\/wp-json\/wp\/v2\/media?parent=521"}],"curies":[{"name":"wp","href":"https:\/\/api.w.org\/{rel}","templated":true}]}}