{"id":509,"date":"2025-06-01T13:53:36","date_gmt":"2025-06-01T11:53:36","guid":{"rendered":"https:\/\/rodbukowina.pl\/?page_id=509"},"modified":"2026-04-19T16:53:01","modified_gmt":"2026-04-19T14:53:01","slug":"walne-zebranie-rok-2020","status":"publish","type":"page","link":"https:\/\/rodbukowina.pl\/index.php\/walne-zebrania\/walne-zebranie-rok-2020\/","title":{"rendered":"Walne Zebranie rok 2020"},"content":{"rendered":"<p><strong><span style=\"color: #ff0000;\">Zaplanowane na\u00a0 dzie\u0144 04.04.2020 r. Walne Zebranie Sprawozdawcze ROD Bukowina w Gromadzinie nie odb\u0119dzie si\u0119 zgodnie z Uchwa\u0142\u0105 nr 44\/2020 Krajowego Zarz\u0105du PZD z 11.03.2020r. w sprawie wytycznych dla okr\u0119gowych zarz\u0105d\u00f3w i zarz\u0105d\u00f3w ROD w zakresie decyzji o terminie walnych zebra\u0144 ROD w 2020 r. w zwi\u0105zku z zagro\u017ceniem epidemiologicznym wywo\u0142anym przez koronawirusa COVID-19.<\/span><\/strong><\/p>\n","protected":false},"excerpt":{"rendered":"<p>Zaplanowane na\u00a0 dzie\u0144 04.04.2020 r. Walne Zebranie Sprawozdawcze ROD Bukowina w Gromadzinie nie odb\u0119dzie si\u0119 zgodnie z Uchwa\u0142\u0105 nr 44\/2020 Krajowego Zarz\u0105du PZD z 11.03.2020r. w sprawie wytycznych dla okr\u0119gowych zarz\u0105d\u00f3w i zarz\u0105d\u00f3w ROD w zakresie decyzji o terminie walnych zebra\u0144 ROD w 2020 r. w zwi\u0105zku z zagro\u017ceniem epidemiologicznym wywo\u0142anym przez koronawirusa COVID-19.<\/p>\n","protected":false},"author":1,"featured_media":0,"parent":31,"menu_order":0,"comment_status":"closed","ping_status":"closed","template":"","meta":{"footnotes":""},"class_list":["post-509","page","type-page","status-publish","hentry"],"_links":{"self":[{"href":"https:\/\/rodbukowina.pl\/index.php\/wp-json\/wp\/v2\/pages\/509","targetHints":{"allow":["GET"]}}],"collection":[{"href":"https:\/\/rodbukowina.pl\/index.php\/wp-json\/wp\/v2\/pages"}],"about":[{"href":"https:\/\/rodbukowina.pl\/index.php\/wp-json\/wp\/v2\/types\/page"}],"author":[{"embeddable":true,"href":"https:\/\/rodbukowina.pl\/index.php\/wp-json\/wp\/v2\/users\/1"}],"replies":[{"embeddable":true,"href":"https:\/\/rodbukowina.pl\/index.php\/wp-json\/wp\/v2\/comments?post=509"}],"version-history":[{"count":3,"href":"https:\/\/rodbukowina.pl\/index.php\/wp-json\/wp\/v2\/pages\/509\/revisions"}],"predecessor-version":[{"id":625,"href":"https:\/\/rodbukowina.pl\/index.php\/wp-json\/wp\/v2\/pages\/509\/revisions\/625"}],"up":[{"embeddable":true,"href":"https:\/\/rodbukowina.pl\/index.php\/wp-json\/wp\/v2\/pages\/31"}],"wp:attachment":[{"href":"https:\/\/rodbukowina.pl\/index.php\/wp-json\/wp\/v2\/media?parent=509"}],"curies":[{"name":"wp","href":"https:\/\/api.w.org\/{rel}","templated":true}]}}